{"id":257,"date":"2024-04-16T18:40:34","date_gmt":"2024-04-16T17:40:34","guid":{"rendered":"https:\/\/lacasadelamrous.com\/?page_id=257"},"modified":"2024-07-14T18:44:37","modified_gmt":"2024-07-14T17:44:37","slug":"about-us","status":"publish","type":"page","link":"https:\/\/lacasadelamrous.com\/index.php\/about-us\/","title":{"rendered":"Notre Histoire"},"content":{"rendered":"\t\t<div data-elementor-type=\"wp-page\" data-elementor-id=\"257\" class=\"elementor elementor-257\">\n\t\t\t\t<div data-particle_enable=\"false\" data-particle-mobile-disabled=\"false\" class=\"elementor-element elementor-element-f4f7e9a e-flex e-con-boxed e-con e-parent\" data-id=\"f4f7e9a\" data-element_type=\"container\" data-settings=\"{&quot;background_background&quot;:&quot;classic&quot;}\">\n\t\t\t\t\t<div class=\"e-con-inner\">\n\t\t\t\t<div class=\"elementor-element elementor-element-02367ce elementor-widget elementor-widget-heading\" data-id=\"02367ce\" data-element_type=\"widget\" data-widget_type=\"heading.default\">\n\t\t\t\t<div class=\"elementor-widget-container\">\n\t\t\t\t\t<h2 class=\"elementor-heading-title elementor-size-default\">Notre Histoire<\/h2>\t\t\t\t<\/div>\n\t\t\t\t<\/div>\n\t\t\t\t\t<\/div>\n\t\t\t\t<\/div>\n\t\t<div data-particle_enable=\"false\" data-particle-mobile-disabled=\"false\" class=\"elementor-element elementor-element-fca4737 e-flex e-con-boxed e-con e-parent\" data-id=\"fca4737\" data-element_type=\"container\" data-settings=\"{&quot;background_background&quot;:&quot;classic&quot;}\">\n\t\t\t\t\t<div class=\"e-con-inner\">\n\t\t\t\t<div class=\"elementor-element elementor-element-84ac0b5 elementor-widget elementor-widget-text-editor\" data-id=\"84ac0b5\" data-element_type=\"widget\" data-widget_type=\"text-editor.default\">\n\t\t\t\t<div class=\"elementor-widget-container\">\n\t\t\t\t\t\t\t\t\t<p>La maison a toujours \u00e9t\u00e9 un signe de s\u00e9curit\u00e9 et de tranquillit\u00e9, synonyme de famille, d&#8217;union et d&#8217;int\u00e9gration entre plus d&#8217;une personne dans un m\u00eame espace. &#8220;AMROUS&#8221; transf\u00e8re le design de la maison, son intimit\u00e9 et son importance au restaurant, de sorte que le lieu ressemble plus \u00e0 nos maisons, avec son design et avec le sentiment d&#8217;ambiance familiale qui pr\u00e9vaudra dans cet espace, avec le design int\u00e9rieur qui donne au lieu un confort et un app\u00e9tit plus forts car il ressemble \u00e0 votre maison. C&#8217;est la maison de vous tous, elle est construite dans la maison de nous tous, dans notre ville m\u00e8re, o\u00f9 nous nous sentons en s\u00e9curit\u00e9. \u00c0 Imzouren, vous vous sentirez comme nos invit\u00e9s, tout le monde au restaurant sera satisfait de votre hospitalit\u00e9 et les portes de notre maison\/restaurant vous seront toujours ouvertes.<\/p>\t\t\t\t\t\t\t\t<\/div>\n\t\t\t\t<\/div>\n\t\t\t\t\t<\/div>\n\t\t\t\t<\/div>\n\t\t\t\t<\/div>\n\t\t","protected":false},"excerpt":{"rendered":"<p>Notre Histoire La maison a toujours \u00e9t\u00e9 un signe de s\u00e9curit\u00e9 et de tranquillit\u00e9, synonyme de famille, d&#8217;union et d&#8217;int\u00e9gration entre plus d&#8217;une personne dans un m\u00eame espace. &#8220;AMROUS&#8221; transf\u00e8re le design de la maison, son intimit\u00e9 et son importance au restaurant, de sorte que le lieu ressemble plus \u00e0 nos maisons, avec son design&#8230;<\/p>\n","protected":false},"author":1,"featured_media":0,"parent":0,"menu_order":0,"comment_status":"closed","ping_status":"closed","template":"","meta":{"om_disable_all_campaigns":false,"footnotes":""},"class_list":["post-257","page","type-page","status-publish","hentry"],"aioseo_notices":[],"_links":{"self":[{"href":"https:\/\/lacasadelamrous.com\/index.php\/wp-json\/wp\/v2\/pages\/257","targetHints":{"allow":["GET"]}}],"collection":[{"href":"https:\/\/lacasadelamrous.com\/index.php\/wp-json\/wp\/v2\/pages"}],"about":[{"href":"https:\/\/lacasadelamrous.com\/index.php\/wp-json\/wp\/v2\/types\/page"}],"author":[{"embeddable":true,"href":"https:\/\/lacasadelamrous.com\/index.php\/wp-json\/wp\/v2\/users\/1"}],"replies":[{"embeddable":true,"href":"https:\/\/lacasadelamrous.com\/index.php\/wp-json\/wp\/v2\/comments?post=257"}],"version-history":[{"count":11,"href":"https:\/\/lacasadelamrous.com\/index.php\/wp-json\/wp\/v2\/pages\/257\/revisions"}],"predecessor-version":[{"id":727,"href":"https:\/\/lacasadelamrous.com\/index.php\/wp-json\/wp\/v2\/pages\/257\/revisions\/727"}],"wp:attachment":[{"href":"https:\/\/lacasadelamrous.com\/index.php\/wp-json\/wp\/v2\/media?parent=257"}],"curies":[{"name":"wp","href":"https:\/\/api.w.org\/{rel}","templated":true}]}}